{"id":855,"date":"2022-06-19T08:41:58","date_gmt":"2022-06-19T08:41:58","guid":{"rendered":"https:\/\/wentextil.ee\/?post_type=product&#038;p=855"},"modified":"2022-12-13T09:41:29","modified_gmt":"2022-12-13T09:41:29","slug":"porimatt","status":"publish","type":"product","link":"https:\/\/wentextil.ee\/en\/product\/porimatt\/","title":{"rendered":"Porimatt Dura 40&#215;60"},"content":{"rendered":"<p>Kummialusega porimatt<\/p>\n<p>M\u00f5\u00f5dud: laius 40 cm, pikkus 60 cm<\/p>\n<p>&nbsp;<\/p>\n<p>&nbsp;<\/p>","protected":false},"excerpt":{"rendered":"<p><strong>porivaip 40x60cm<\/strong><\/p>","protected":false},"featured_media":1528,"template":"","meta":{"_et_pb_use_builder":"","_et_pb_old_content":"","_et_gb_content_width":""},"product_brand":[],"product_cat":[35,23],"product_tag":[],"class_list":{"0":"post-855","1":"product","2":"type-product","3":"status-publish","4":"has-post-thumbnail","6":"product_cat-porimatid","7":"product_cat-vaip","9":"first","10":"instock","11":"shipping-taxable","12":"purchasable","13":"product-type-simple"},"yoast_head":"<!-- This site is optimized with the Yoast SEO plugin v27.4 - https:\/\/yoast.com\/product\/yoast-seo-wordpress\/ -->\n<title>Porimatt Dura 40x60 - WenTextil O\u00dc<\/title>\n<meta name=\"robots\" content=\"index, follow, max-snippet:-1, max-image-preview:large, max-video-preview:-1\" \/>\n<link rel=\"canonical\" href=\"https:\/\/wentextil.ee\/en\/product\/porimatt\/\" \/>\n<meta property=\"og:locale\" content=\"en_US\" \/>\n<meta property=\"og:type\" content=\"article\" \/>\n<meta property=\"og:title\" content=\"Porimatt Dura 40x60 - WenTextil O\u00dc\" \/>\n<meta property=\"og:description\" content=\"porivaip 40x60cm\" \/>\n<meta property=\"og:url\" content=\"https:\/\/wentextil.ee\/en\/product\/porimatt\/\" \/>\n<meta property=\"og:site_name\" content=\"WenTextil O\u00dc\" \/>\n<meta property=\"article:publisher\" content=\"https:\/\/et-ee.facebook.com\/wentextil\/\" \/>\n<meta property=\"article:modified_time\" content=\"2022-12-13T09:41:29+00:00\" \/>\n<meta property=\"og:image\" content=\"https:\/\/wentextil.ee\/wp-content\/uploads\/2022\/11\/Porimatid_2018_dura.jpg\" \/>\n\t<meta property=\"og:image:width\" content=\"800\" \/>\n\t<meta property=\"og:image:height\" content=\"700\" \/>\n\t<meta property=\"og:image:type\" content=\"image\/jpeg\" \/>\n<meta name=\"twitter:card\" content=\"summary_large_image\" \/>\n<meta name=\"twitter:label1\" content=\"Est. reading time\" \/>\n\t<meta name=\"twitter:data1\" content=\"1 minute\" \/>\n<script type=\"application\/ld+json\" class=\"yoast-schema-graph\">{\"@context\":\"https:\\\/\\\/schema.org\",\"@graph\":[{\"@type\":\"WebPage\",\"@id\":\"https:\\\/\\\/wentextil.ee\\\/toode\\\/porimatt\\\/\",\"url\":\"https:\\\/\\\/wentextil.ee\\\/toode\\\/porimatt\\\/\",\"name\":\"Porimatt Dura 40x60 - WenTextil O\u00dc\",\"isPartOf\":{\"@id\":\"https:\\\/\\\/wentextil.ee\\\/#website\"},\"primaryImageOfPage\":{\"@id\":\"https:\\\/\\\/wentextil.ee\\\/toode\\\/porimatt\\\/#primaryimage\"},\"image\":{\"@id\":\"https:\\\/\\\/wentextil.ee\\\/toode\\\/porimatt\\\/#primaryimage\"},\"thumbnailUrl\":\"https:\\\/\\\/wentextil.ee\\\/wp-content\\\/uploads\\\/2022\\\/11\\\/Porimatid_2018_dura.jpg\",\"datePublished\":\"2022-06-19T08:41:58+00:00\",\"dateModified\":\"2022-12-13T09:41:29+00:00\",\"breadcrumb\":{\"@id\":\"https:\\\/\\\/wentextil.ee\\\/toode\\\/porimatt\\\/#breadcrumb\"},\"inLanguage\":\"en-US\",\"potentialAction\":[{\"@type\":\"ReadAction\",\"target\":[\"https:\\\/\\\/wentextil.ee\\\/toode\\\/porimatt\\\/\"]}]},{\"@type\":\"ImageObject\",\"inLanguage\":\"en-US\",\"@id\":\"https:\\\/\\\/wentextil.ee\\\/toode\\\/porimatt\\\/#primaryimage\",\"url\":\"https:\\\/\\\/wentextil.ee\\\/wp-content\\\/uploads\\\/2022\\\/11\\\/Porimatid_2018_dura.jpg\",\"contentUrl\":\"https:\\\/\\\/wentextil.ee\\\/wp-content\\\/uploads\\\/2022\\\/11\\\/Porimatid_2018_dura.jpg\",\"width\":800,\"height\":700,\"caption\":\"Porimatt Dura\"},{\"@type\":\"BreadcrumbList\",\"@id\":\"https:\\\/\\\/wentextil.ee\\\/toode\\\/porimatt\\\/#breadcrumb\",\"itemListElement\":[{\"@type\":\"ListItem\",\"position\":1,\"name\":\"Home\",\"item\":\"https:\\\/\\\/wentextil.ee\\\/\"},{\"@type\":\"ListItem\",\"position\":2,\"name\":\"E-pood\",\"item\":\"https:\\\/\\\/wentextil.ee\\\/e-pood\\\/\"},{\"@type\":\"ListItem\",\"position\":3,\"name\":\"Porimatt Dura 40&#215;60\"}]},{\"@type\":\"WebSite\",\"@id\":\"https:\\\/\\\/wentextil.ee\\\/#website\",\"url\":\"https:\\\/\\\/wentextil.ee\\\/\",\"name\":\"WenTextil O\u00dc\",\"description\":\"Auto istmekatted, m\u00f6\u00f6bli uuendamine, tootmine\",\"publisher\":{\"@id\":\"https:\\\/\\\/wentextil.ee\\\/#organization\"},\"potentialAction\":[{\"@type\":\"SearchAction\",\"target\":{\"@type\":\"EntryPoint\",\"urlTemplate\":\"https:\\\/\\\/wentextil.ee\\\/?s={search_term_string}\"},\"query-input\":{\"@type\":\"PropertyValueSpecification\",\"valueRequired\":true,\"valueName\":\"search_term_string\"}}],\"inLanguage\":\"en-US\"},{\"@type\":\"Organization\",\"@id\":\"https:\\\/\\\/wentextil.ee\\\/#organization\",\"name\":\"WenTextil O\u00dc\",\"url\":\"https:\\\/\\\/wentextil.ee\\\/\",\"logo\":{\"@type\":\"ImageObject\",\"inLanguage\":\"en-US\",\"@id\":\"https:\\\/\\\/wentextil.ee\\\/#\\\/schema\\\/logo\\\/image\\\/\",\"url\":\"https:\\\/\\\/wentextil.ee\\\/wp-content\\\/uploads\\\/2021\\\/12\\\/WenTextil_logo.jpg\",\"contentUrl\":\"https:\\\/\\\/wentextil.ee\\\/wp-content\\\/uploads\\\/2021\\\/12\\\/WenTextil_logo.jpg\",\"width\":650,\"height\":266,\"caption\":\"WenTextil O\u00dc\"},\"image\":{\"@id\":\"https:\\\/\\\/wentextil.ee\\\/#\\\/schema\\\/logo\\\/image\\\/\"},\"sameAs\":[\"https:\\\/\\\/et-ee.facebook.com\\\/wentextil\\\/\"]}]}<\/script>\n<!-- \/ Yoast SEO plugin. -->","yoast_head_json":{"title":"Porimatt Dura 40x60 - WenTextil O\u00dc","robots":{"index":"index","follow":"follow","max-snippet":"max-snippet:-1","max-image-preview":"max-image-preview:large","max-video-preview":"max-video-preview:-1"},"canonical":"https:\/\/wentextil.ee\/en\/product\/porimatt\/","og_locale":"en_US","og_type":"article","og_title":"Porimatt Dura 40x60 - WenTextil O\u00dc","og_description":"porivaip 40x60cm","og_url":"https:\/\/wentextil.ee\/en\/product\/porimatt\/","og_site_name":"WenTextil O\u00dc","article_publisher":"https:\/\/et-ee.facebook.com\/wentextil\/","article_modified_time":"2022-12-13T09:41:29+00:00","og_image":[{"width":800,"height":700,"url":"https:\/\/wentextil.ee\/wp-content\/uploads\/2022\/11\/Porimatid_2018_dura.jpg","type":"image\/jpeg"}],"twitter_card":"summary_large_image","twitter_misc":{"Est. reading time":"1 minute"},"schema":{"@context":"https:\/\/schema.org","@graph":[{"@type":"WebPage","@id":"https:\/\/wentextil.ee\/toode\/porimatt\/","url":"https:\/\/wentextil.ee\/toode\/porimatt\/","name":"Porimatt Dura 40x60 - WenTextil O\u00dc","isPartOf":{"@id":"https:\/\/wentextil.ee\/#website"},"primaryImageOfPage":{"@id":"https:\/\/wentextil.ee\/toode\/porimatt\/#primaryimage"},"image":{"@id":"https:\/\/wentextil.ee\/toode\/porimatt\/#primaryimage"},"thumbnailUrl":"https:\/\/wentextil.ee\/wp-content\/uploads\/2022\/11\/Porimatid_2018_dura.jpg","datePublished":"2022-06-19T08:41:58+00:00","dateModified":"2022-12-13T09:41:29+00:00","breadcrumb":{"@id":"https:\/\/wentextil.ee\/toode\/porimatt\/#breadcrumb"},"inLanguage":"en-US","potentialAction":[{"@type":"ReadAction","target":["https:\/\/wentextil.ee\/toode\/porimatt\/"]}]},{"@type":"ImageObject","inLanguage":"en-US","@id":"https:\/\/wentextil.ee\/toode\/porimatt\/#primaryimage","url":"https:\/\/wentextil.ee\/wp-content\/uploads\/2022\/11\/Porimatid_2018_dura.jpg","contentUrl":"https:\/\/wentextil.ee\/wp-content\/uploads\/2022\/11\/Porimatid_2018_dura.jpg","width":800,"height":700,"caption":"Porimatt Dura"},{"@type":"BreadcrumbList","@id":"https:\/\/wentextil.ee\/toode\/porimatt\/#breadcrumb","itemListElement":[{"@type":"ListItem","position":1,"name":"Home","item":"https:\/\/wentextil.ee\/"},{"@type":"ListItem","position":2,"name":"E-pood","item":"https:\/\/wentextil.ee\/e-pood\/"},{"@type":"ListItem","position":3,"name":"Porimatt Dura 40&#215;60"}]},{"@type":"WebSite","@id":"https:\/\/wentextil.ee\/#website","url":"https:\/\/wentextil.ee\/","name":"WenTextil O\u00dc","description":"Auto istmekatted, m\u00f6\u00f6bli uuendamine, tootmine","publisher":{"@id":"https:\/\/wentextil.ee\/#organization"},"potentialAction":[{"@type":"SearchAction","target":{"@type":"EntryPoint","urlTemplate":"https:\/\/wentextil.ee\/?s={search_term_string}"},"query-input":{"@type":"PropertyValueSpecification","valueRequired":true,"valueName":"search_term_string"}}],"inLanguage":"en-US"},{"@type":"Organization","@id":"https:\/\/wentextil.ee\/#organization","name":"WenTextil O\u00dc","url":"https:\/\/wentextil.ee\/","logo":{"@type":"ImageObject","inLanguage":"en-US","@id":"https:\/\/wentextil.ee\/#\/schema\/logo\/image\/","url":"https:\/\/wentextil.ee\/wp-content\/uploads\/2021\/12\/WenTextil_logo.jpg","contentUrl":"https:\/\/wentextil.ee\/wp-content\/uploads\/2021\/12\/WenTextil_logo.jpg","width":650,"height":266,"caption":"WenTextil O\u00dc"},"image":{"@id":"https:\/\/wentextil.ee\/#\/schema\/logo\/image\/"},"sameAs":["https:\/\/et-ee.facebook.com\/wentextil\/"]}]}},"_links":{"self":[{"href":"https:\/\/wentextil.ee\/en\/wp-json\/wp\/v2\/product\/855","targetHints":{"allow":["GET"]}}],"collection":[{"href":"https:\/\/wentextil.ee\/en\/wp-json\/wp\/v2\/product"}],"about":[{"href":"https:\/\/wentextil.ee\/en\/wp-json\/wp\/v2\/types\/product"}],"wp:featuredmedia":[{"embeddable":true,"href":"https:\/\/wentextil.ee\/en\/wp-json\/wp\/v2\/media\/1528"}],"wp:attachment":[{"href":"https:\/\/wentextil.ee\/en\/wp-json\/wp\/v2\/media?parent=855"}],"wp:term":[{"taxonomy":"product_brand","embeddable":true,"href":"https:\/\/wentextil.ee\/en\/wp-json\/wp\/v2\/product_brand?post=855"},{"taxonomy":"product_cat","embeddable":true,"href":"https:\/\/wentextil.ee\/en\/wp-json\/wp\/v2\/product_cat?post=855"},{"taxonomy":"product_tag","embeddable":true,"href":"https:\/\/wentextil.ee\/en\/wp-json\/wp\/v2\/product_tag?post=855"}],"curies":[{"name":"wp","href":"https:\/\/api.w.org\/{rel}","templated":true}]}}