{"id":1559,"date":"2022-12-18T16:49:43","date_gmt":"2022-12-18T16:49:43","guid":{"rendered":"https:\/\/wentextil.ee\/?page_id=1559"},"modified":"2022-12-18T16:49:44","modified_gmt":"2022-12-18T16:49:44","slug":"tagastamine-ja-pretensioonid","status":"publish","type":"page","link":"https:\/\/wentextil.ee\/en\/tagastamine-ja-pretensioonid\/","title":{"rendered":"Tagastamine ja pretensioonid"},"content":{"rendered":"<p>Kliendil on \u00f5igus sidevahendi abil s\u00f5lmitud lepingust taganeda p\u00f5hjust avaldamata&nbsp;<strong>14 p\u00e4eva<\/strong>&nbsp;jooksul vastavalt Eesti Vabariigis&nbsp;kehtivale seadusandlusele.<\/p>\n\n\n\n<p><strong>14 p\u00e4evane tagastus\u00f5iguse kasutamiseks ei tohi tellitud toodet\/tooteid kasutada muul viisil&nbsp;<\/strong>kui on vajalik kauba olemusest,&nbsp;omadustest ja toimimisest veendumiseks viisil nagu on lubatud kauba testimiseks&nbsp;<strong>f\u00fc\u00fcsilises poes, tagastatud toode peab olema&nbsp;puudusteta,komplektne ja kahjustamata originaalpakendis.<\/strong><\/p>\n\n\n\n<p>Kui klient on kasutanud kaupa muuks otstarbeks kui on vajalik kauba olemuses, omadustes ja toimimises veendumiseks&nbsp;v\u00f5i sellel on kasutamise v\u00f5i kulumise m\u00e4rke, on veebipoel \u00f5igus keelduda kauba tagasiv\u00f5tmisest.&nbsp;M\u00fc\u00fcja ei ole kohustatud aksepteerima tagastust kui tekid\/padjad\/voodipesu\/madratsid ei ole k\u00f5lblikud&nbsp;tagasisaatmiseks tervisekaitse v\u00f5i h\u00fcgieenilistel p\u00f5hjustel ning mis on p\u00e4rast kohaletoimetamist&nbsp;kasutatud muul viisil kui seda on v\u00f5imalik teha f\u00fc\u00fcsilises poes.&nbsp;<strong><\/strong><\/p>\n\n\n\n<p>Puudustega kauba tagastamine ja vahetamine toimib vastavalt Eesti Vabariigi \u00f5igusakti n\u00f5uetele, eelk\u00f5ige v\u00f5la\u00f5igusseaduses&nbsp;s\u00e4testatud tingimustele.<br>-Kui kliendi poolt ostetud toode on defektiga on kliendil \u00f5igus tagastada v\u00f5i \u00fcmber vahetada antud toode.<br>-M\u00fc\u00fcja t\u00fchistab tellimuse ja tagastab raha kui toote asendamine pole v\u00f5imalik.<\/p>\n\n\n\n<p>Puudusega kauba asendamiseks v\u00f5i tagastamiseks peab klient t\u00e4itma j\u00e4rgmised tingimused.<br>-Klient peab M\u00fc\u00fcjat teavitama kauba puudusest m\u00f5istliku aja jooksul alates hetkest, millal ta puudusest teada sai v\u00f5i pidi saama,\u00a0aadressil <a href=\"mailto:info@wentextil.ee\" rel=\"nofollow\">info@wentextil.ee<\/a><strong><br><\/strong>-Klient peab toodete juurde lisama kaubaga kaasas olnud ostuarve.<br>-Vastavalt v\u00f5la\u00f5igusseadusele kannab m\u00fc\u00fcja puudustega kauba asendamisega seotud kulud, sealhulgas veo ja posti kulud.<br>-Puudusteks ei peeta kahjustusi mis on tekkinud kokkupuutel kemikaalidega, kuumusega, teravate esemetega, niiskusega,\u00a0kui toodet ei kasutatud ette n\u00e4htud viisil v\u00f5i hoiustati valesti. Sellisel juhul ei asendata toodet ega tagastata ostusummat.<br>-M\u00fc\u00fcja ei ole kohustatud omal kulul k\u00f5rvaldama puuduseid toodetel millelt on eemaldatud pesuetiketid v\u00f5i tootesildid.<\/p>\n\n\n\n<p>Kui klient on valinud e-poe k\u00f5ige soodsamast tavap\u00e4rasest k\u00e4ttetoimetamise viisist erineva k\u00e4ttetoimetamise viisi, ei pea e-pood&nbsp;tagastama kulu, mis \u00fcletab tavap\u00e4rase k\u00e4ttetoimetamise viisiga seotud kulu.<\/p>\n\n\n\n<p>Raha kantakse kliendile tagasi samale arvelduskontole millelt j\u00f5udis laekumine e-poodi.<\/p>\n\n\n\n<p>Kliendile tehakse tagasimakse peale seda kui tagastatav toode on e-poe lattu j\u00f5udnud. Kuid mitte hiljem kui 14 p\u00e4eva<\/p>\n\n\n\n<p>Kui Klient ja e-pood ei suuda lahenda vaidlust kokkuleppe teel, siis on Kliendil v\u00f5imalik p\u00f6\u00f6rduda Tarbijavaidluste komisjoni poole.<\/p>","protected":false},"excerpt":{"rendered":"<p>Kliendil on \u00f5igus sidevahendi abil s\u00f5lmitud lepingust taganeda p\u00f5hjust avaldamata&nbsp;14 p\u00e4eva&nbsp;jooksul vastavalt Eesti Vabariigis&nbsp;kehtivale seadusandlusele. 14 p\u00e4evane tagastus\u00f5iguse kasutamiseks ei tohi tellitud toodet\/tooteid kasutada muul viisil&nbsp;kui on vajalik kauba olemusest,&nbsp;omadustest ja toimimisest veendumiseks viisil nagu on lubatud kauba testimiseks&nbsp;f\u00fc\u00fcsilises poes, tagastatud toode peab olema&nbsp;puudusteta,komplektne ja kahjustamata originaalpakendis. Kui klient on kasutanud kaupa muuks otstarbeks kui [&hellip;]<\/p>\n","protected":false},"author":1,"featured_media":0,"parent":0,"menu_order":0,"comment_status":"closed","ping_status":"closed","template":"","meta":{"_et_pb_use_builder":"off","_et_pb_old_content":"","_et_gb_content_width":"","footnotes":""},"class_list":["post-1559","page","type-page","status-publish","hentry"],"yoast_head":"<!-- This site is optimized with the Yoast SEO plugin v27.4 - https:\/\/yoast.com\/product\/yoast-seo-wordpress\/ -->\n<title>Tagastamine ja pretensioonid - WenTextil O\u00dc<\/title>\n<meta name=\"robots\" content=\"index, follow, max-snippet:-1, max-image-preview:large, max-video-preview:-1\" \/>\n<link rel=\"canonical\" href=\"https:\/\/wentextil.ee\/en\/tagastamine-ja-pretensioonid\/\" \/>\n<meta property=\"og:locale\" content=\"en_US\" \/>\n<meta property=\"og:type\" content=\"article\" \/>\n<meta property=\"og:title\" content=\"Tagastamine ja pretensioonid - WenTextil O\u00dc\" \/>\n<meta property=\"og:description\" content=\"Kliendil on \u00f5igus sidevahendi abil s\u00f5lmitud lepingust taganeda p\u00f5hjust avaldamata&nbsp;14 p\u00e4eva&nbsp;jooksul vastavalt Eesti Vabariigis&nbsp;kehtivale seadusandlusele. 14 p\u00e4evane tagastus\u00f5iguse kasutamiseks ei tohi tellitud toodet\/tooteid kasutada muul viisil&nbsp;kui on vajalik kauba olemusest,&nbsp;omadustest ja toimimisest veendumiseks viisil nagu on lubatud kauba testimiseks&nbsp;f\u00fc\u00fcsilises poes, tagastatud toode peab olema&nbsp;puudusteta,komplektne ja kahjustamata originaalpakendis. Kui klient on kasutanud kaupa muuks otstarbeks kui [&hellip;]\" \/>\n<meta property=\"og:url\" content=\"https:\/\/wentextil.ee\/en\/tagastamine-ja-pretensioonid\/\" \/>\n<meta property=\"og:site_name\" content=\"WenTextil O\u00dc\" \/>\n<meta property=\"article:publisher\" content=\"https:\/\/et-ee.facebook.com\/wentextil\/\" \/>\n<meta property=\"article:modified_time\" content=\"2022-12-18T16:49:44+00:00\" \/>\n<meta name=\"twitter:card\" content=\"summary_large_image\" \/>\n<meta name=\"twitter:label1\" content=\"Est. reading time\" \/>\n\t<meta name=\"twitter:data1\" content=\"2 minutes\" \/>\n<script type=\"application\/ld+json\" class=\"yoast-schema-graph\">{\"@context\":\"https:\\\/\\\/schema.org\",\"@graph\":[{\"@type\":\"WebPage\",\"@id\":\"https:\\\/\\\/wentextil.ee\\\/tagastamine-ja-pretensioonid\\\/\",\"url\":\"https:\\\/\\\/wentextil.ee\\\/tagastamine-ja-pretensioonid\\\/\",\"name\":\"Tagastamine ja pretensioonid - WenTextil O\u00dc\",\"isPartOf\":{\"@id\":\"https:\\\/\\\/wentextil.ee\\\/#website\"},\"datePublished\":\"2022-12-18T16:49:43+00:00\",\"dateModified\":\"2022-12-18T16:49:44+00:00\",\"breadcrumb\":{\"@id\":\"https:\\\/\\\/wentextil.ee\\\/tagastamine-ja-pretensioonid\\\/#breadcrumb\"},\"inLanguage\":\"en-US\",\"potentialAction\":[{\"@type\":\"ReadAction\",\"target\":[\"https:\\\/\\\/wentextil.ee\\\/tagastamine-ja-pretensioonid\\\/\"]}]},{\"@type\":\"BreadcrumbList\",\"@id\":\"https:\\\/\\\/wentextil.ee\\\/tagastamine-ja-pretensioonid\\\/#breadcrumb\",\"itemListElement\":[{\"@type\":\"ListItem\",\"position\":1,\"name\":\"Home\",\"item\":\"https:\\\/\\\/wentextil.ee\\\/\"},{\"@type\":\"ListItem\",\"position\":2,\"name\":\"Tagastamine ja pretensioonid\"}]},{\"@type\":\"WebSite\",\"@id\":\"https:\\\/\\\/wentextil.ee\\\/#website\",\"url\":\"https:\\\/\\\/wentextil.ee\\\/\",\"name\":\"WenTextil O\u00dc\",\"description\":\"Auto istmekatted, m\u00f6\u00f6bli uuendamine, tootmine\",\"publisher\":{\"@id\":\"https:\\\/\\\/wentextil.ee\\\/#organization\"},\"potentialAction\":[{\"@type\":\"SearchAction\",\"target\":{\"@type\":\"EntryPoint\",\"urlTemplate\":\"https:\\\/\\\/wentextil.ee\\\/?s={search_term_string}\"},\"query-input\":{\"@type\":\"PropertyValueSpecification\",\"valueRequired\":true,\"valueName\":\"search_term_string\"}}],\"inLanguage\":\"en-US\"},{\"@type\":\"Organization\",\"@id\":\"https:\\\/\\\/wentextil.ee\\\/#organization\",\"name\":\"WenTextil O\u00dc\",\"url\":\"https:\\\/\\\/wentextil.ee\\\/\",\"logo\":{\"@type\":\"ImageObject\",\"inLanguage\":\"en-US\",\"@id\":\"https:\\\/\\\/wentextil.ee\\\/#\\\/schema\\\/logo\\\/image\\\/\",\"url\":\"https:\\\/\\\/wentextil.ee\\\/wp-content\\\/uploads\\\/2021\\\/12\\\/WenTextil_logo.jpg\",\"contentUrl\":\"https:\\\/\\\/wentextil.ee\\\/wp-content\\\/uploads\\\/2021\\\/12\\\/WenTextil_logo.jpg\",\"width\":650,\"height\":266,\"caption\":\"WenTextil O\u00dc\"},\"image\":{\"@id\":\"https:\\\/\\\/wentextil.ee\\\/#\\\/schema\\\/logo\\\/image\\\/\"},\"sameAs\":[\"https:\\\/\\\/et-ee.facebook.com\\\/wentextil\\\/\"]}]}<\/script>\n<!-- \/ Yoast SEO plugin. -->","yoast_head_json":{"title":"Tagastamine ja pretensioonid - WenTextil O\u00dc","robots":{"index":"index","follow":"follow","max-snippet":"max-snippet:-1","max-image-preview":"max-image-preview:large","max-video-preview":"max-video-preview:-1"},"canonical":"https:\/\/wentextil.ee\/en\/tagastamine-ja-pretensioonid\/","og_locale":"en_US","og_type":"article","og_title":"Tagastamine ja pretensioonid - WenTextil O\u00dc","og_description":"Kliendil on \u00f5igus sidevahendi abil s\u00f5lmitud lepingust taganeda p\u00f5hjust avaldamata&nbsp;14 p\u00e4eva&nbsp;jooksul vastavalt Eesti Vabariigis&nbsp;kehtivale seadusandlusele. 14 p\u00e4evane tagastus\u00f5iguse kasutamiseks ei tohi tellitud toodet\/tooteid kasutada muul viisil&nbsp;kui on vajalik kauba olemusest,&nbsp;omadustest ja toimimisest veendumiseks viisil nagu on lubatud kauba testimiseks&nbsp;f\u00fc\u00fcsilises poes, tagastatud toode peab olema&nbsp;puudusteta,komplektne ja kahjustamata originaalpakendis. Kui klient on kasutanud kaupa muuks otstarbeks kui [&hellip;]","og_url":"https:\/\/wentextil.ee\/en\/tagastamine-ja-pretensioonid\/","og_site_name":"WenTextil O\u00dc","article_publisher":"https:\/\/et-ee.facebook.com\/wentextil\/","article_modified_time":"2022-12-18T16:49:44+00:00","twitter_card":"summary_large_image","twitter_misc":{"Est. reading time":"2 minutes"},"schema":{"@context":"https:\/\/schema.org","@graph":[{"@type":"WebPage","@id":"https:\/\/wentextil.ee\/tagastamine-ja-pretensioonid\/","url":"https:\/\/wentextil.ee\/tagastamine-ja-pretensioonid\/","name":"Tagastamine ja pretensioonid - WenTextil O\u00dc","isPartOf":{"@id":"https:\/\/wentextil.ee\/#website"},"datePublished":"2022-12-18T16:49:43+00:00","dateModified":"2022-12-18T16:49:44+00:00","breadcrumb":{"@id":"https:\/\/wentextil.ee\/tagastamine-ja-pretensioonid\/#breadcrumb"},"inLanguage":"en-US","potentialAction":[{"@type":"ReadAction","target":["https:\/\/wentextil.ee\/tagastamine-ja-pretensioonid\/"]}]},{"@type":"BreadcrumbList","@id":"https:\/\/wentextil.ee\/tagastamine-ja-pretensioonid\/#breadcrumb","itemListElement":[{"@type":"ListItem","position":1,"name":"Home","item":"https:\/\/wentextil.ee\/"},{"@type":"ListItem","position":2,"name":"Tagastamine ja pretensioonid"}]},{"@type":"WebSite","@id":"https:\/\/wentextil.ee\/#website","url":"https:\/\/wentextil.ee\/","name":"WenTextil O\u00dc","description":"Auto istmekatted, m\u00f6\u00f6bli uuendamine, tootmine","publisher":{"@id":"https:\/\/wentextil.ee\/#organization"},"potentialAction":[{"@type":"SearchAction","target":{"@type":"EntryPoint","urlTemplate":"https:\/\/wentextil.ee\/?s={search_term_string}"},"query-input":{"@type":"PropertyValueSpecification","valueRequired":true,"valueName":"search_term_string"}}],"inLanguage":"en-US"},{"@type":"Organization","@id":"https:\/\/wentextil.ee\/#organization","name":"WenTextil O\u00dc","url":"https:\/\/wentextil.ee\/","logo":{"@type":"ImageObject","inLanguage":"en-US","@id":"https:\/\/wentextil.ee\/#\/schema\/logo\/image\/","url":"https:\/\/wentextil.ee\/wp-content\/uploads\/2021\/12\/WenTextil_logo.jpg","contentUrl":"https:\/\/wentextil.ee\/wp-content\/uploads\/2021\/12\/WenTextil_logo.jpg","width":650,"height":266,"caption":"WenTextil O\u00dc"},"image":{"@id":"https:\/\/wentextil.ee\/#\/schema\/logo\/image\/"},"sameAs":["https:\/\/et-ee.facebook.com\/wentextil\/"]}]}},"_links":{"self":[{"href":"https:\/\/wentextil.ee\/en\/wp-json\/wp\/v2\/pages\/1559","targetHints":{"allow":["GET"]}}],"collection":[{"href":"https:\/\/wentextil.ee\/en\/wp-json\/wp\/v2\/pages"}],"about":[{"href":"https:\/\/wentextil.ee\/en\/wp-json\/wp\/v2\/types\/page"}],"author":[{"embeddable":true,"href":"https:\/\/wentextil.ee\/en\/wp-json\/wp\/v2\/users\/1"}],"replies":[{"embeddable":true,"href":"https:\/\/wentextil.ee\/en\/wp-json\/wp\/v2\/comments?post=1559"}],"version-history":[{"count":1,"href":"https:\/\/wentextil.ee\/en\/wp-json\/wp\/v2\/pages\/1559\/revisions"}],"predecessor-version":[{"id":1560,"href":"https:\/\/wentextil.ee\/en\/wp-json\/wp\/v2\/pages\/1559\/revisions\/1560"}],"wp:attachment":[{"href":"https:\/\/wentextil.ee\/en\/wp-json\/wp\/v2\/media?parent=1559"}],"curies":[{"name":"wp","href":"https:\/\/api.w.org\/{rel}","templated":true}]}}