{"id":1553,"date":"2022-12-18T16:42:02","date_gmt":"2022-12-18T16:42:02","guid":{"rendered":"https:\/\/wentextil.ee\/?page_id=1553"},"modified":"2022-12-18T17:14:53","modified_gmt":"2022-12-18T17:14:53","slug":"muugitingimused","status":"publish","type":"page","link":"https:\/\/wentextil.ee\/en\/muugitingimused\/","title":{"rendered":"M\u00fc\u00fcgitingimused"},"content":{"rendered":"<p>Veebipoe&nbsp;<strong>www.wentextil.ee<\/strong>&nbsp;(edaspidi&nbsp;<strong>Veebipood<\/strong>) omanik on&nbsp;<strong>Wentextil O\u00dc<\/strong>&nbsp;(reg.nr 10467986), asukohaga Kalda 3, 87701 V\u00e4ndra, P\u00e4rnumaa.<\/p>\n\n\n\n<h4 class=\"wp-block-heading\">M\u00fc\u00fcgilepingu kehtivus, kauba- ja hinnainfo<\/h4>\n\n\n\n<p>M\u00fc\u00fcgitingimused kehtivad Veebipoest kaupade ostmisel.<\/p>\n\n\n\n<p>Veebipoes m\u00fc\u00fcdavate toodete hinnad on m\u00e4rgitud toodete juurde. Hinnale lisandub tasu kauba k\u00e4ttetoimetamise eest.<\/p>\n\n\n\n<p>Kauba k\u00e4ttetoimetamise tasu s\u00f5ltub ostja asukohast ning k\u00e4ttetoimetamise viisist. K\u00e4ttetoimetamise tasu kuvatakse ostjale tellimuse vormistamisel.<\/p>\n\n\n\n<p>Teave kauba kohta on esitatud Veebipoes vahetult kauba juures.<\/p>\n\n\n\n<p>Wentextil O\u00dc on k\u00e4ibemaksukohustuslane (KMKR EE100161467). K\u00f5ik siinses Veebipoes toodud hinnad sisaldavad k\u00e4ibemaksu 20%. Meie e-poes toodud hinnad on eurodes (\u20ac) ning arvelduse valuutaks on euro (\u20ac).<\/p>\n\n\n\n<h4 class=\"wp-block-heading\">Tellimuse vormistamine<\/h4>\n\n\n\n<p>Kauba tellimiseks tuleb lisada soovitud tooted ostukorvi. Tellimuse vormistamiseks tuleb t\u00e4ita n\u00f5utud andmev\u00e4ljad ning valida sobiv toodete kohaletoimetamise viis. Seej\u00e4rel kuvatakse ekraanile tasu suurus, mille saab tasuda pangalingi kaudu v\u00f5i muu makselahenduse abil.<\/p>\n\n\n\n<p>Leping j\u00f5ustub alates tasumisele kuuluva summa laekumisest Veebipoe arvelduskontole.<\/p>\n\n\n\n<p>Kui tellitud kaupa ei ole v\u00f5imalik tarnida seoses kauba l\u00f5ppemisega v\u00f5i muul p\u00f5hjusel, teavitatakse sellest ostjat esimesel v\u00f5imalusel ning tagastatakse tasutud raha (sh kauba k\u00e4ttetoimetamise kulud) viivitamata, kuid mitte hiljem kui 14 p\u00e4eva jooksul teate saatmisest.<\/p>\n\n\n\n<p>E-poes tehtud tellimusi k\u00e4sitletakse E-R 9:00-17:00.<\/p>\n\n\n\n<h4 class=\"wp-block-heading\">Kauba kohaletoimetamine<\/h4>\n\n\n\n<p>Kaupu saadetakse j\u00e4rgmistesse riikidesse:<\/p>\n\n\n\n<p>\u2022 Eesti 1-3 p\u00e4eva<\/p>\n\n\n\n<p>Kauba saatmiskulud kannab ostja ning vastav hinnainfo on kuvatud saatmisviisi juures.<\/p>\n\n\n\n<p>Eestisisesed saadetised j\u00f5uavad \u00fcldjuhul ostja m\u00e4\u00e4ratud sihtpunkti 1-3 t\u00f6\u00f6p\u00e4eva jooksul alates m\u00fc\u00fcgilepingu j\u00f5ustumist.&nbsp;<\/p>\n\n\n\n<h4 class=\"wp-block-heading\">Kauba tagastamine<\/h4>\n\n\n\n<p>P\u00e4rast tellimuse k\u00e4ttesaamist on ostjal \u00f5igus e-poes s\u00f5lmitud lepingust taganeda&nbsp;<strong>14 p\u00e4eva<\/strong>&nbsp;jooksul<\/p>\n\n\n\n<p><strong>14 p\u00e4evane tagastus\u00f5iguse kasutamiseks ei tohi tellitud toodet\/tooteid kasutada muul viisil&nbsp;<\/strong>kui on vajalik kauba olemusest, omadustest ja toimimisest veendumiseks viisil nagu on lubatud kauba testimiseks&nbsp;<strong>f\u00fc\u00fcsilises poes, tagastatud toode peab olema puudusteta, komplektne ja kahjustamata originaalpakendis.<\/strong><\/p>\n\n\n\n<p>Kui klient on kasutanud kaupa muuks otstarbeks kui on vajalik kauba olemuses, omadustes ja toimimises veendumiseks v\u00f5i sellel on kasutamise v\u00f5i kulumise m\u00e4rke, on veebipoel \u00f5igus keelduda kauba tagasiv\u00f5tmisest. M\u00fc\u00fcja ei ole kohustatud aksepteerima tagastust kui tekid\/padjad\/voodipesu\/madratsid ei ole k\u00f5lblikud tagasisaatmiseks tervisekaitse v\u00f5i h\u00fcgieenilistel p\u00f5hjustel ning mis on p\u00e4rast kohaletoimetamist kasutatud muul viisil kui seda on v\u00f5imalik teha f\u00fc\u00fcsilises poes.<\/p>\n\n\n\n<p>Puudustega kauba tagastamine ja vahetamine toimib vastavalt Eesti Vabariigi \u00f5igusakti n\u00f5uetele, eelk\u00f5ige v\u00f5la\u00f5igusseaduses s\u00e4testatud tingimustele.<\/p>\n\n\n\n<ul class=\"wp-block-list\">\n<li>Kui kliendi poolt ostetud toode on defektiga on kliendil \u00f5igus tagastada v\u00f5i \u00fcmber vahetada antud toode.<\/li>\n\n\n\n<li>M\u00fc\u00fcja t\u00fchistab tellimuse ja tagastab raha kui toote asendamine pole v\u00f5imalik.<\/li>\n<\/ul>\n\n\n\n<p>Puudusega kauba asendamiseks v\u00f5i tagastamiseks peab klient t\u00e4itma j\u00e4rgmised tingimused.<\/p>\n\n\n\n<ul class=\"wp-block-list\">\n<li>Klient peab M\u00fc\u00fcjat teavitama kauba puudusest m\u00f5istliku aja jooksul alates hetkest, millal ta puudusest teada sai v\u00f5i pidi saama, aadressil&nbsp;<a href=\"mailto:shop@wendre.ee\">info@wentextil.ee<\/a>&nbsp;. <\/li>\n\n\n\n<li>Klient peab toodete juurde lisama kaubaga kaasas olnud ostuarve.<\/li>\n\n\n\n<li>Vastavalt v\u00f5la\u00f5igusseadusele kannab m\u00fc\u00fcja puudustega kauba asendamisega seotud kulud, sealhulgas veo ja posti kulud.<\/li>\n\n\n\n<li>Puudusteks ei peeta kahjustusi mis on tekkinud kokkupuutel kemikaalidega, kuumusega, teravate esemetega, niiskusega, kui toodet ei kasutatud ette n\u00e4htud viisil v\u00f5i hoiustati valesti. Sellisel juhul ei asendata toodet ega tagastata ostusummat.<\/li>\n\n\n\n<li>M\u00fc\u00fcja ei ole kohustatud omal kulul k\u00f5rvaldama puuduseid toodetel millelt on eemaldatud pesuetiketid v\u00f5i tootesildid.<\/li>\n<\/ul>\n\n\n\n<p>Veebipood tagastab tagastatava kauba k\u00e4ttesaamisel ostjale viivitamata, kuid mitte hiljem kui 14 p\u00e4eva m\u00f6\u00f6dumisel arvates taganemisavalduse saamisest, k\u00f5ik ostjalt lepingu alusel saadud tasud.<\/p>\n\n\n\n<p>Veebipood v\u00f5ib keelduda tagasimaksete tegemisest seni, kuni on lepingu esemeks oleva asja tagasi saanud v\u00f5i kuni ostja on esitanud t\u00f5endid, et on asja tagasi saatnud, s\u00f5ltuvalt sellest, kumb toimub varem.<\/p>\n\n\n\n<p>Kui ostja on s\u00f5naselgelt valinud Veebipoe pakutud k\u00f5ige odavamast tavap\u00e4rasest asja k\u00e4ttetoimetamise viisist erineva k\u00e4ttetoimetamise viisi, ei pea Veebipood tarbijale tagastama kulu, mis \u00fcletab tavap\u00e4rase k\u00e4ttetoimetamise viisiga seotud kulu.<\/p>\n\n\n\n<p>Veebipoel on \u00f5igus taganeda m\u00fc\u00fcgitehingust ning n\u00f5uda ostjalt tagasi kaup, kui kauba hind veebipoes on eksituse t\u00f5ttu m\u00e4rgitud oluliselt alla kauba turuhinna.<\/p>\n\n\n\n<p>Kui klient on valinud e-poe k\u00f5ige soodsamast tavap\u00e4rasest k\u00e4ttetoimetamise viisist erineva k\u00e4ttetoimetamise viisi, ei pea e-pood tagastama kulu, mis \u00fcletab tavap\u00e4rase k\u00e4ttetoimetamise viisiga seotud kulu.<\/p>\n\n\n\n<p>Raha kantakse kliendile tagasi samale arvelduskontole millelt j\u00f5udis laekumine e-poodi.<\/p>\n\n\n\n<p>Kliendile tehakse tagasimakse peale seda kui tagastatav toode on e-poe lattu j\u00f5udnud. Kuid mitte hiljem kui 14 p\u00e4eva jooksul.<\/p>\n\n\n\n<p>Kui Klient ja e-pood ei suuda lahenda vaidlust kokkuleppe teel, siis on Kliendil v\u00f5imalik p\u00f6\u00f6rduda Tarbijavaidluste komisjoni poole.<\/p>\n\n\n\n<h4 class=\"wp-block-heading\">V\u00e4\u00e4ramatu j\u00f5ud<\/h4>\n\n\n\n<p>Wentextil e-pood ei vastuta Ostjale tekitatud kahjude v\u00f5i kauba kohaletoimetamise viibimise eest juhul, kui kahju v\u00f5i kauba kohaletoimetamise viibimine on tingitud asjaoludest, mida Wentextili e-pood ei saanud m\u00f5jutada v\u00f5i ette n\u00e4ha.<\/p>\n\n\n\n<h4 class=\"wp-block-heading\">Otseturustus ja isikuandmete t\u00f6\u00f6tlemine<\/h4>\n\n\n\n<p>Veebipood kasutab ostja poolt sisestatud isikuandmeid (sh nimi, telefoninumber, aadress, e-maili aadress, pangarekvisiidid) ainult tellimuse t\u00f6\u00f6tlemiseks ning kauba ostjale saatmiseks. Veebipood edastab isikuandmeid veoteenust pakkuvale ettev\u00f5tetele selleks, et kohale toimetada kaupa.<\/p>\n\n\n\n<p>Veebipood saadab ostjale uudiskirju ning pakkumisi ostja e-maili aadressile ainult juhul, kui ostja on selleks avaldanud soovi sisestades veebilehel e-kirja aadressi ning andnud teada oma soovist otsepostituse teadete saamiseks.<\/p>\n\n\n\n<p>Ostjal on igal ajal v\u00f5imalik loobuda e-postile saadetavatest pakkumistest ja uudiskirjadest andes sellest meile teada e-kirja teel v\u00f5i j\u00e4rgides pakkumisi sisaldava e-kirjas toodud juhiseid.<\/p>\n\n\n\n<h4 class=\"wp-block-heading\">Pretensiooni esitamise \u00f5igus<\/h4>\n\n\n\n<p>Veebipood vastutab ostjale m\u00fc\u00fcdud kauba lepingutingimustele mittevastavuse v\u00f5i puuduse eest, mis oli olemas juba asja \u00fcleandmise hetkel ning mis ilmneb kuni kahe aasta jooksul, alates kauba \u00fcleandmisest ostjale. Sellest esimese kuue kuu jooksul asja \u00fcleandmisest ostjale eeldatakse, et puudus oli olemas juba asja \u00fcleandmise ajal.<\/p>\n\n\n\n<p>Ostjal on \u00f5igus puuduse ilmnemisel p\u00f6\u00f6rduda hiljemalt kahe kuu jooksul veebipoe poole, saates e-kirja aadressile <a href=\"mailto:info@wentextil.ee\" rel=\"nofollow\">info@wentextil.ee<\/a>&nbsp;v\u00f5i helistada telefonil: +372 44 67 054<\/p>\n\n\n\n<p>Kauba puuduse ilmnemisel palume l\u00f5petada kauba kasutamise.<\/p>\n\n\n\n<p>Puudustega kauba parandamise v\u00f5i asendamise lepivad Wentextili e-pood ja Ostja omavahel kokku. Parandamise kulud katab M\u00fc\u00fcja.<\/p>\n\n\n\n<p>Wentextili e-pood ei vastuta Ostja s\u00fc\u00fcl tootel tekkinud puuduste eest, mis on tekkinud toote mitten\u00f5uetekohase hoiustamise v\u00f5i mitte-eesm\u00e4rgip\u00e4rase kasutamise tulemusena.<\/p>\n\n\n\n<p>Toote n\u00f5uete mittevastavuse v\u00f5i puuduste ilmnemisel palume edastada e-postiaadressile&nbsp;<a href=\"mailto:shop@wendre.com\">info@wentextil.ee<\/a> pretensiooni, kus on m\u00e4rgitud tellimuse esitaja nimi, kontakttelefon, tellimuse nr. ja toote tingimustele mittevastavuse v\u00f5i puuduse t\u00e4pne kirjeldus.<\/p>\n\n\n\n<p>Pretensioon toote n\u00f5uete mittevastavuse v\u00f5i puuduste avastamise kohta peab olema esitatud kahe kuu jooksul alates toote n\u00f5uete mittevastavuse v\u00f5i puuduse avastamisest.<\/p>\n\n\n\n<p>K\u00f5ik pretensioonid vaadatakse l\u00e4bi ja Ostjaga v\u00f5etakse \u00fchendust esimesel v\u00f5imalusel, kuid mitte hiljem kui 14 p\u00e4eva jooksul alates pretensiooni k\u00e4ttesaamisest.<\/p>\n\n\n\n<p>Ostjal on \u00f5igus n\u00f5uda Wentextili e-poelt ostuhinna alandamist v\u00f5i lepingu l\u00f5petamist ja kauba eest raha tagasi n\u00f5uda, kui ei ole v\u00f5imalik kaupa parandada v\u00f5i asendada, kauba parandamine v\u00f5i asendamine eba\u00f5nnestub, Wentextili e-pood ei ole kauba puudust m\u00f5istliku aja jooksul k\u00f5rvaldanud v\u00f5i Ostjale on tekitatud p\u00f5hjendamatuid ebamugavusi.<\/p>\n\n\n\n<h4 class=\"wp-block-heading\">Vaidluste lahendamine<\/h4>\n\n\n\n<p>Kui ostjal on Veebipoe osas pretensioone, tuleb need saata e-kirja aadressile&nbsp;<a href=\"mailto:shop@wendre.com\" rel=\"nofollow\">info@wentextil.ee<\/a>&nbsp;v\u00f5i helistada telefonil: +372 44&nbsp; 67&nbsp; 054<\/p>\n\n\n\n<p>Kui ostja ja Veebipood ei suuda lahenda vaidlust kokkuleppe teel, siis on ostjal v\u00f5imalik p\u00f6\u00f6rduda Tarbijavaidluste komisjoni poole. Tarbijavaidluste komisjoni p\u00e4devuses on lahendada ostja ja Veebipoe vahel s\u00f5lmitud lepingust tulenevaid vaidlusi. Ostja kaebuse l\u00e4bivaatamine komisjonis on tasuta.<\/p>","protected":false},"excerpt":{"rendered":"<p>Veebipoe&nbsp;www.wentextil.ee&nbsp;(edaspidi&nbsp;Veebipood) omanik on&nbsp;Wentextil O\u00dc&nbsp;(reg.nr 10467986), asukohaga Kalda 3, 87701 V\u00e4ndra, P\u00e4rnumaa. M\u00fc\u00fcgilepingu kehtivus, kauba- ja hinnainfo M\u00fc\u00fcgitingimused kehtivad Veebipoest kaupade ostmisel. Veebipoes m\u00fc\u00fcdavate toodete hinnad on m\u00e4rgitud toodete juurde. Hinnale lisandub tasu kauba k\u00e4ttetoimetamise eest. Kauba k\u00e4ttetoimetamise tasu s\u00f5ltub ostja asukohast ning k\u00e4ttetoimetamise viisist. K\u00e4ttetoimetamise tasu kuvatakse ostjale tellimuse vormistamisel. Teave kauba kohta on esitatud [&hellip;]<\/p>\n","protected":false},"author":1,"featured_media":0,"parent":0,"menu_order":0,"comment_status":"closed","ping_status":"closed","template":"","meta":{"_et_pb_use_builder":"off","_et_pb_old_content":"","_et_gb_content_width":"","footnotes":""},"class_list":["post-1553","page","type-page","status-publish","hentry"],"yoast_head":"<!-- This site is optimized with the Yoast SEO plugin v27.4 - https:\/\/yoast.com\/product\/yoast-seo-wordpress\/ -->\n<title>M\u00fc\u00fcgitingimused - WenTextil O\u00dc<\/title>\n<meta name=\"robots\" content=\"index, follow, max-snippet:-1, max-image-preview:large, max-video-preview:-1\" \/>\n<link rel=\"canonical\" href=\"https:\/\/wentextil.ee\/en\/muugitingimused\/\" \/>\n<meta property=\"og:locale\" content=\"en_US\" \/>\n<meta property=\"og:type\" content=\"article\" \/>\n<meta property=\"og:title\" content=\"M\u00fc\u00fcgitingimused - WenTextil O\u00dc\" \/>\n<meta property=\"og:description\" content=\"Veebipoe&nbsp;www.wentextil.ee&nbsp;(edaspidi&nbsp;Veebipood) omanik on&nbsp;Wentextil O\u00dc&nbsp;(reg.nr 10467986), asukohaga Kalda 3, 87701 V\u00e4ndra, P\u00e4rnumaa. M\u00fc\u00fcgilepingu kehtivus, kauba- ja hinnainfo M\u00fc\u00fcgitingimused kehtivad Veebipoest kaupade ostmisel. Veebipoes m\u00fc\u00fcdavate toodete hinnad on m\u00e4rgitud toodete juurde. Hinnale lisandub tasu kauba k\u00e4ttetoimetamise eest. Kauba k\u00e4ttetoimetamise tasu s\u00f5ltub ostja asukohast ning k\u00e4ttetoimetamise viisist. K\u00e4ttetoimetamise tasu kuvatakse ostjale tellimuse vormistamisel. Teave kauba kohta on esitatud [&hellip;]\" \/>\n<meta property=\"og:url\" content=\"https:\/\/wentextil.ee\/en\/muugitingimused\/\" \/>\n<meta property=\"og:site_name\" content=\"WenTextil O\u00dc\" \/>\n<meta property=\"article:publisher\" content=\"https:\/\/et-ee.facebook.com\/wentextil\/\" \/>\n<meta property=\"article:modified_time\" content=\"2022-12-18T17:14:53+00:00\" \/>\n<meta name=\"twitter:card\" content=\"summary_large_image\" \/>\n<meta name=\"twitter:label1\" content=\"Est. reading time\" \/>\n\t<meta name=\"twitter:data1\" content=\"6 minutes\" \/>\n<script type=\"application\/ld+json\" class=\"yoast-schema-graph\">{\"@context\":\"https:\\\/\\\/schema.org\",\"@graph\":[{\"@type\":\"WebPage\",\"@id\":\"https:\\\/\\\/wentextil.ee\\\/muugitingimused\\\/\",\"url\":\"https:\\\/\\\/wentextil.ee\\\/muugitingimused\\\/\",\"name\":\"M\u00fc\u00fcgitingimused - WenTextil O\u00dc\",\"isPartOf\":{\"@id\":\"https:\\\/\\\/wentextil.ee\\\/#website\"},\"datePublished\":\"2022-12-18T16:42:02+00:00\",\"dateModified\":\"2022-12-18T17:14:53+00:00\",\"breadcrumb\":{\"@id\":\"https:\\\/\\\/wentextil.ee\\\/muugitingimused\\\/#breadcrumb\"},\"inLanguage\":\"en-US\",\"potentialAction\":[{\"@type\":\"ReadAction\",\"target\":[\"https:\\\/\\\/wentextil.ee\\\/muugitingimused\\\/\"]}]},{\"@type\":\"BreadcrumbList\",\"@id\":\"https:\\\/\\\/wentextil.ee\\\/muugitingimused\\\/#breadcrumb\",\"itemListElement\":[{\"@type\":\"ListItem\",\"position\":1,\"name\":\"Home\",\"item\":\"https:\\\/\\\/wentextil.ee\\\/\"},{\"@type\":\"ListItem\",\"position\":2,\"name\":\"M\u00fc\u00fcgitingimused\"}]},{\"@type\":\"WebSite\",\"@id\":\"https:\\\/\\\/wentextil.ee\\\/#website\",\"url\":\"https:\\\/\\\/wentextil.ee\\\/\",\"name\":\"WenTextil O\u00dc\",\"description\":\"Auto istmekatted, m\u00f6\u00f6bli uuendamine, tootmine\",\"publisher\":{\"@id\":\"https:\\\/\\\/wentextil.ee\\\/#organization\"},\"potentialAction\":[{\"@type\":\"SearchAction\",\"target\":{\"@type\":\"EntryPoint\",\"urlTemplate\":\"https:\\\/\\\/wentextil.ee\\\/?s={search_term_string}\"},\"query-input\":{\"@type\":\"PropertyValueSpecification\",\"valueRequired\":true,\"valueName\":\"search_term_string\"}}],\"inLanguage\":\"en-US\"},{\"@type\":\"Organization\",\"@id\":\"https:\\\/\\\/wentextil.ee\\\/#organization\",\"name\":\"WenTextil O\u00dc\",\"url\":\"https:\\\/\\\/wentextil.ee\\\/\",\"logo\":{\"@type\":\"ImageObject\",\"inLanguage\":\"en-US\",\"@id\":\"https:\\\/\\\/wentextil.ee\\\/#\\\/schema\\\/logo\\\/image\\\/\",\"url\":\"https:\\\/\\\/wentextil.ee\\\/wp-content\\\/uploads\\\/2021\\\/12\\\/WenTextil_logo.jpg\",\"contentUrl\":\"https:\\\/\\\/wentextil.ee\\\/wp-content\\\/uploads\\\/2021\\\/12\\\/WenTextil_logo.jpg\",\"width\":650,\"height\":266,\"caption\":\"WenTextil O\u00dc\"},\"image\":{\"@id\":\"https:\\\/\\\/wentextil.ee\\\/#\\\/schema\\\/logo\\\/image\\\/\"},\"sameAs\":[\"https:\\\/\\\/et-ee.facebook.com\\\/wentextil\\\/\"]}]}<\/script>\n<!-- \/ Yoast SEO plugin. -->","yoast_head_json":{"title":"M\u00fc\u00fcgitingimused - WenTextil O\u00dc","robots":{"index":"index","follow":"follow","max-snippet":"max-snippet:-1","max-image-preview":"max-image-preview:large","max-video-preview":"max-video-preview:-1"},"canonical":"https:\/\/wentextil.ee\/en\/muugitingimused\/","og_locale":"en_US","og_type":"article","og_title":"M\u00fc\u00fcgitingimused - WenTextil O\u00dc","og_description":"Veebipoe&nbsp;www.wentextil.ee&nbsp;(edaspidi&nbsp;Veebipood) omanik on&nbsp;Wentextil O\u00dc&nbsp;(reg.nr 10467986), asukohaga Kalda 3, 87701 V\u00e4ndra, P\u00e4rnumaa. M\u00fc\u00fcgilepingu kehtivus, kauba- ja hinnainfo M\u00fc\u00fcgitingimused kehtivad Veebipoest kaupade ostmisel. Veebipoes m\u00fc\u00fcdavate toodete hinnad on m\u00e4rgitud toodete juurde. Hinnale lisandub tasu kauba k\u00e4ttetoimetamise eest. Kauba k\u00e4ttetoimetamise tasu s\u00f5ltub ostja asukohast ning k\u00e4ttetoimetamise viisist. K\u00e4ttetoimetamise tasu kuvatakse ostjale tellimuse vormistamisel. Teave kauba kohta on esitatud [&hellip;]","og_url":"https:\/\/wentextil.ee\/en\/muugitingimused\/","og_site_name":"WenTextil O\u00dc","article_publisher":"https:\/\/et-ee.facebook.com\/wentextil\/","article_modified_time":"2022-12-18T17:14:53+00:00","twitter_card":"summary_large_image","twitter_misc":{"Est. reading time":"6 minutes"},"schema":{"@context":"https:\/\/schema.org","@graph":[{"@type":"WebPage","@id":"https:\/\/wentextil.ee\/muugitingimused\/","url":"https:\/\/wentextil.ee\/muugitingimused\/","name":"M\u00fc\u00fcgitingimused - WenTextil O\u00dc","isPartOf":{"@id":"https:\/\/wentextil.ee\/#website"},"datePublished":"2022-12-18T16:42:02+00:00","dateModified":"2022-12-18T17:14:53+00:00","breadcrumb":{"@id":"https:\/\/wentextil.ee\/muugitingimused\/#breadcrumb"},"inLanguage":"en-US","potentialAction":[{"@type":"ReadAction","target":["https:\/\/wentextil.ee\/muugitingimused\/"]}]},{"@type":"BreadcrumbList","@id":"https:\/\/wentextil.ee\/muugitingimused\/#breadcrumb","itemListElement":[{"@type":"ListItem","position":1,"name":"Home","item":"https:\/\/wentextil.ee\/"},{"@type":"ListItem","position":2,"name":"M\u00fc\u00fcgitingimused"}]},{"@type":"WebSite","@id":"https:\/\/wentextil.ee\/#website","url":"https:\/\/wentextil.ee\/","name":"WenTextil O\u00dc","description":"Auto istmekatted, m\u00f6\u00f6bli uuendamine, tootmine","publisher":{"@id":"https:\/\/wentextil.ee\/#organization"},"potentialAction":[{"@type":"SearchAction","target":{"@type":"EntryPoint","urlTemplate":"https:\/\/wentextil.ee\/?s={search_term_string}"},"query-input":{"@type":"PropertyValueSpecification","valueRequired":true,"valueName":"search_term_string"}}],"inLanguage":"en-US"},{"@type":"Organization","@id":"https:\/\/wentextil.ee\/#organization","name":"WenTextil O\u00dc","url":"https:\/\/wentextil.ee\/","logo":{"@type":"ImageObject","inLanguage":"en-US","@id":"https:\/\/wentextil.ee\/#\/schema\/logo\/image\/","url":"https:\/\/wentextil.ee\/wp-content\/uploads\/2021\/12\/WenTextil_logo.jpg","contentUrl":"https:\/\/wentextil.ee\/wp-content\/uploads\/2021\/12\/WenTextil_logo.jpg","width":650,"height":266,"caption":"WenTextil O\u00dc"},"image":{"@id":"https:\/\/wentextil.ee\/#\/schema\/logo\/image\/"},"sameAs":["https:\/\/et-ee.facebook.com\/wentextil\/"]}]}},"_links":{"self":[{"href":"https:\/\/wentextil.ee\/en\/wp-json\/wp\/v2\/pages\/1553","targetHints":{"allow":["GET"]}}],"collection":[{"href":"https:\/\/wentextil.ee\/en\/wp-json\/wp\/v2\/pages"}],"about":[{"href":"https:\/\/wentextil.ee\/en\/wp-json\/wp\/v2\/types\/page"}],"author":[{"embeddable":true,"href":"https:\/\/wentextil.ee\/en\/wp-json\/wp\/v2\/users\/1"}],"replies":[{"embeddable":true,"href":"https:\/\/wentextil.ee\/en\/wp-json\/wp\/v2\/comments?post=1553"}],"version-history":[{"count":2,"href":"https:\/\/wentextil.ee\/en\/wp-json\/wp\/v2\/pages\/1553\/revisions"}],"predecessor-version":[{"id":1579,"href":"https:\/\/wentextil.ee\/en\/wp-json\/wp\/v2\/pages\/1553\/revisions\/1579"}],"wp:attachment":[{"href":"https:\/\/wentextil.ee\/en\/wp-json\/wp\/v2\/media?parent=1553"}],"curies":[{"name":"wp","href":"https:\/\/api.w.org\/{rel}","templated":true}]}}