{"id":1550,"date":"2022-12-18T16:27:10","date_gmt":"2022-12-18T16:27:10","guid":{"rendered":"https:\/\/wentextil.ee\/?page_id=1550"},"modified":"2022-12-30T11:00:50","modified_gmt":"2022-12-30T11:00:50","slug":"transport","status":"publish","type":"page","link":"https:\/\/wentextil.ee\/en\/transport\/","title":{"rendered":"Transport"},"content":{"rendered":"<h4 class=\"wp-block-heading\">Tulen ise j\u00e4rele<\/h4>\n\n\n\n<p>E-poest tellitud kaubad saab k\u00e4tte Kalda 3, V\u00e4ndra kauplus-laost. Kaup&nbsp;v\u00e4ljastatakse laost e-poe arve ning isikut t\u00f5endava dokumendi alusel. Juhul, kui olete arve \u00e4ra kaotanud (v\u00f5i j\u00e4rele tuleb kolmas isik), palume \u00fchendust v\u00f5tta Wentextili klienditoega, E-R 9.00 \u2013 17.00.<\/p>\n\n\n\n<h4 class=\"wp-block-heading\">Tarne Smartpost pakiautomaati<\/h4>\n\n\n\n<p>V\u00e4iksem\u00f5\u00f5dulisi tooteid on v\u00f5imalik tellida ka meie e-poest Smartpost pakiautomaatidesse. Pakiautomaadi maksumus on 3,5 EUR. Kauba saabumisest pakiautomaati teavitatakse Teid SMS teel. Tellitud kaup saadetakse Sulle 1-4 t\u00f6\u00f6p\u00e4eva jooksul p\u00e4rast makse laekumist.<\/p>","protected":false},"excerpt":{"rendered":"<p>Tulen ise j\u00e4rele E-poest tellitud kaubad saab k\u00e4tte Kalda 3, V\u00e4ndra kauplus-laost. Kaup&nbsp;v\u00e4ljastatakse laost e-poe arve ning isikut t\u00f5endava dokumendi alusel. Juhul, kui olete arve \u00e4ra kaotanud (v\u00f5i j\u00e4rele tuleb kolmas isik), palume \u00fchendust v\u00f5tta Wentextili klienditoega, E-R 9.00 \u2013 17.00. Tarne Smartpost pakiautomaati V\u00e4iksem\u00f5\u00f5dulisi tooteid on v\u00f5imalik tellida ka meie e-poest Smartpost pakiautomaatidesse. Pakiautomaadi [&hellip;]<\/p>\n","protected":false},"author":1,"featured_media":0,"parent":0,"menu_order":0,"comment_status":"closed","ping_status":"closed","template":"","meta":{"_et_pb_use_builder":"off","_et_pb_old_content":"","_et_gb_content_width":"","footnotes":""},"class_list":["post-1550","page","type-page","status-publish","hentry"],"yoast_head":"<!-- This site is optimized with the Yoast SEO plugin v27.4 - https:\/\/yoast.com\/product\/yoast-seo-wordpress\/ -->\n<title>Transport - WenTextil O\u00dc<\/title>\n<meta name=\"robots\" content=\"index, follow, max-snippet:-1, max-image-preview:large, max-video-preview:-1\" \/>\n<link rel=\"canonical\" href=\"https:\/\/wentextil.ee\/en\/transport\/\" \/>\n<meta property=\"og:locale\" content=\"en_US\" \/>\n<meta property=\"og:type\" content=\"article\" \/>\n<meta property=\"og:title\" content=\"Transport - WenTextil O\u00dc\" \/>\n<meta property=\"og:description\" content=\"Tulen ise j\u00e4rele E-poest tellitud kaubad saab k\u00e4tte Kalda 3, V\u00e4ndra kauplus-laost. Kaup&nbsp;v\u00e4ljastatakse laost e-poe arve ning isikut t\u00f5endava dokumendi alusel. Juhul, kui olete arve \u00e4ra kaotanud (v\u00f5i j\u00e4rele tuleb kolmas isik), palume \u00fchendust v\u00f5tta Wentextili klienditoega, E-R 9.00 \u2013 17.00. Tarne Smartpost pakiautomaati V\u00e4iksem\u00f5\u00f5dulisi tooteid on v\u00f5imalik tellida ka meie e-poest Smartpost pakiautomaatidesse. Pakiautomaadi [&hellip;]\" \/>\n<meta property=\"og:url\" content=\"https:\/\/wentextil.ee\/en\/transport\/\" \/>\n<meta property=\"og:site_name\" content=\"WenTextil O\u00dc\" \/>\n<meta property=\"article:publisher\" content=\"https:\/\/et-ee.facebook.com\/wentextil\/\" \/>\n<meta property=\"article:modified_time\" content=\"2022-12-30T11:00:50+00:00\" \/>\n<meta name=\"twitter:card\" content=\"summary_large_image\" \/>\n<meta name=\"twitter:label1\" content=\"Est. reading time\" \/>\n\t<meta name=\"twitter:data1\" content=\"1 minute\" \/>\n<script type=\"application\/ld+json\" class=\"yoast-schema-graph\">{\"@context\":\"https:\\\/\\\/schema.org\",\"@graph\":[{\"@type\":\"WebPage\",\"@id\":\"https:\\\/\\\/wentextil.ee\\\/transport\\\/\",\"url\":\"https:\\\/\\\/wentextil.ee\\\/transport\\\/\",\"name\":\"Transport - WenTextil O\u00dc\",\"isPartOf\":{\"@id\":\"https:\\\/\\\/wentextil.ee\\\/#website\"},\"datePublished\":\"2022-12-18T16:27:10+00:00\",\"dateModified\":\"2022-12-30T11:00:50+00:00\",\"breadcrumb\":{\"@id\":\"https:\\\/\\\/wentextil.ee\\\/transport\\\/#breadcrumb\"},\"inLanguage\":\"en-US\",\"potentialAction\":[{\"@type\":\"ReadAction\",\"target\":[\"https:\\\/\\\/wentextil.ee\\\/transport\\\/\"]}]},{\"@type\":\"BreadcrumbList\",\"@id\":\"https:\\\/\\\/wentextil.ee\\\/transport\\\/#breadcrumb\",\"itemListElement\":[{\"@type\":\"ListItem\",\"position\":1,\"name\":\"Home\",\"item\":\"https:\\\/\\\/wentextil.ee\\\/\"},{\"@type\":\"ListItem\",\"position\":2,\"name\":\"Transport\"}]},{\"@type\":\"WebSite\",\"@id\":\"https:\\\/\\\/wentextil.ee\\\/#website\",\"url\":\"https:\\\/\\\/wentextil.ee\\\/\",\"name\":\"WenTextil O\u00dc\",\"description\":\"Auto istmekatted, m\u00f6\u00f6bli uuendamine, tootmine\",\"publisher\":{\"@id\":\"https:\\\/\\\/wentextil.ee\\\/#organization\"},\"potentialAction\":[{\"@type\":\"SearchAction\",\"target\":{\"@type\":\"EntryPoint\",\"urlTemplate\":\"https:\\\/\\\/wentextil.ee\\\/?s={search_term_string}\"},\"query-input\":{\"@type\":\"PropertyValueSpecification\",\"valueRequired\":true,\"valueName\":\"search_term_string\"}}],\"inLanguage\":\"en-US\"},{\"@type\":\"Organization\",\"@id\":\"https:\\\/\\\/wentextil.ee\\\/#organization\",\"name\":\"WenTextil O\u00dc\",\"url\":\"https:\\\/\\\/wentextil.ee\\\/\",\"logo\":{\"@type\":\"ImageObject\",\"inLanguage\":\"en-US\",\"@id\":\"https:\\\/\\\/wentextil.ee\\\/#\\\/schema\\\/logo\\\/image\\\/\",\"url\":\"https:\\\/\\\/wentextil.ee\\\/wp-content\\\/uploads\\\/2021\\\/12\\\/WenTextil_logo.jpg\",\"contentUrl\":\"https:\\\/\\\/wentextil.ee\\\/wp-content\\\/uploads\\\/2021\\\/12\\\/WenTextil_logo.jpg\",\"width\":650,\"height\":266,\"caption\":\"WenTextil O\u00dc\"},\"image\":{\"@id\":\"https:\\\/\\\/wentextil.ee\\\/#\\\/schema\\\/logo\\\/image\\\/\"},\"sameAs\":[\"https:\\\/\\\/et-ee.facebook.com\\\/wentextil\\\/\"]}]}<\/script>\n<!-- \/ Yoast SEO plugin. -->","yoast_head_json":{"title":"Transport - WenTextil O\u00dc","robots":{"index":"index","follow":"follow","max-snippet":"max-snippet:-1","max-image-preview":"max-image-preview:large","max-video-preview":"max-video-preview:-1"},"canonical":"https:\/\/wentextil.ee\/en\/transport\/","og_locale":"en_US","og_type":"article","og_title":"Transport - WenTextil O\u00dc","og_description":"Tulen ise j\u00e4rele E-poest tellitud kaubad saab k\u00e4tte Kalda 3, V\u00e4ndra kauplus-laost. Kaup&nbsp;v\u00e4ljastatakse laost e-poe arve ning isikut t\u00f5endava dokumendi alusel. Juhul, kui olete arve \u00e4ra kaotanud (v\u00f5i j\u00e4rele tuleb kolmas isik), palume \u00fchendust v\u00f5tta Wentextili klienditoega, E-R 9.00 \u2013 17.00. Tarne Smartpost pakiautomaati V\u00e4iksem\u00f5\u00f5dulisi tooteid on v\u00f5imalik tellida ka meie e-poest Smartpost pakiautomaatidesse. Pakiautomaadi [&hellip;]","og_url":"https:\/\/wentextil.ee\/en\/transport\/","og_site_name":"WenTextil O\u00dc","article_publisher":"https:\/\/et-ee.facebook.com\/wentextil\/","article_modified_time":"2022-12-30T11:00:50+00:00","twitter_card":"summary_large_image","twitter_misc":{"Est. reading time":"1 minute"},"schema":{"@context":"https:\/\/schema.org","@graph":[{"@type":"WebPage","@id":"https:\/\/wentextil.ee\/transport\/","url":"https:\/\/wentextil.ee\/transport\/","name":"Transport - WenTextil O\u00dc","isPartOf":{"@id":"https:\/\/wentextil.ee\/#website"},"datePublished":"2022-12-18T16:27:10+00:00","dateModified":"2022-12-30T11:00:50+00:00","breadcrumb":{"@id":"https:\/\/wentextil.ee\/transport\/#breadcrumb"},"inLanguage":"en-US","potentialAction":[{"@type":"ReadAction","target":["https:\/\/wentextil.ee\/transport\/"]}]},{"@type":"BreadcrumbList","@id":"https:\/\/wentextil.ee\/transport\/#breadcrumb","itemListElement":[{"@type":"ListItem","position":1,"name":"Home","item":"https:\/\/wentextil.ee\/"},{"@type":"ListItem","position":2,"name":"Transport"}]},{"@type":"WebSite","@id":"https:\/\/wentextil.ee\/#website","url":"https:\/\/wentextil.ee\/","name":"WenTextil O\u00dc","description":"Auto istmekatted, m\u00f6\u00f6bli uuendamine, tootmine","publisher":{"@id":"https:\/\/wentextil.ee\/#organization"},"potentialAction":[{"@type":"SearchAction","target":{"@type":"EntryPoint","urlTemplate":"https:\/\/wentextil.ee\/?s={search_term_string}"},"query-input":{"@type":"PropertyValueSpecification","valueRequired":true,"valueName":"search_term_string"}}],"inLanguage":"en-US"},{"@type":"Organization","@id":"https:\/\/wentextil.ee\/#organization","name":"WenTextil O\u00dc","url":"https:\/\/wentextil.ee\/","logo":{"@type":"ImageObject","inLanguage":"en-US","@id":"https:\/\/wentextil.ee\/#\/schema\/logo\/image\/","url":"https:\/\/wentextil.ee\/wp-content\/uploads\/2021\/12\/WenTextil_logo.jpg","contentUrl":"https:\/\/wentextil.ee\/wp-content\/uploads\/2021\/12\/WenTextil_logo.jpg","width":650,"height":266,"caption":"WenTextil O\u00dc"},"image":{"@id":"https:\/\/wentextil.ee\/#\/schema\/logo\/image\/"},"sameAs":["https:\/\/et-ee.facebook.com\/wentextil\/"]}]}},"_links":{"self":[{"href":"https:\/\/wentextil.ee\/en\/wp-json\/wp\/v2\/pages\/1550","targetHints":{"allow":["GET"]}}],"collection":[{"href":"https:\/\/wentextil.ee\/en\/wp-json\/wp\/v2\/pages"}],"about":[{"href":"https:\/\/wentextil.ee\/en\/wp-json\/wp\/v2\/types\/page"}],"author":[{"embeddable":true,"href":"https:\/\/wentextil.ee\/en\/wp-json\/wp\/v2\/users\/1"}],"replies":[{"embeddable":true,"href":"https:\/\/wentextil.ee\/en\/wp-json\/wp\/v2\/comments?post=1550"}],"version-history":[{"count":4,"href":"https:\/\/wentextil.ee\/en\/wp-json\/wp\/v2\/pages\/1550\/revisions"}],"predecessor-version":[{"id":1593,"href":"https:\/\/wentextil.ee\/en\/wp-json\/wp\/v2\/pages\/1550\/revisions\/1593"}],"wp:attachment":[{"href":"https:\/\/wentextil.ee\/en\/wp-json\/wp\/v2\/media?parent=1550"}],"curies":[{"name":"wp","href":"https:\/\/api.w.org\/{rel}","templated":true}]}}